{"id":24845082,"date":"2024-11-19T11:09:13","date_gmt":"2024-11-19T11:09:13","guid":{"rendered":"https:\/\/drmielcarek.live-website.com\/?page_id=24845082"},"modified":"2024-11-19T13:21:05","modified_gmt":"2024-11-19T13:21:05","slug":"mentions-legales","status":"publish","type":"page","link":"https:\/\/www.docteur-mielcarek.com\/de\/mentions-legales","title":{"rendered":"Rechtliche Hinweise"},"content":{"rendered":"<p>[et_pb_section fb_built=\u00a0\u00bb1&Prime; admin_label=\u00a0\u00bbContact\u00a0\u00bb _builder_version=\u00a0\u00bb4.25.2&Prime; _module_preset=\u00a0\u00bbdefault\u00a0\u00bb background_enable_color=\u00a0\u00bboff\u00a0\u00bb locked=\u00a0\u00bboff\u00a0\u00bb global_colors_info=\u00a0\u00bb{%22gcid-b6c4f12c-f25d-4f61-9fb1-6e96404634cd%22:%91%22background_color%22%93}\u00a0\u00bb theme_builder_area=\u00a0\u00bbpost_content\u00a0\u00bb][et_pb_row _builder_version=\u00a0\u00bb4.25.2&Prime; _module_preset=\u00a0\u00bbdefault\u00a0\u00bb global_colors_info=\u00a0\u00bb{}\u00a0\u00bb theme_builder_area=\u00a0\u00bbpost_content\u00a0\u00bb][et_pb_column type=\u00a0\u00bb4_4&Prime; _builder_version=\u00a0\u00bb4.25.2&Prime; _module_preset=\u00a0\u00bbdefault\u00a0\u00bb global_colors_info=\u00a0\u00bb{}\u00a0\u00bb theme_builder_area=\u00a0\u00bbpost_content\u00a0\u00bb][et_pb_heading title=\u00a0\u00bbMentions L\u00e9gales\u00a0\u00bb _builder_version=\u00a0\u00bb4.27.0&Prime; _module_preset=\u00a0\u00bbb37ba661-17d8-42e9-b03f-9a77bbfec465&Prime; title_font=\u00a0\u00bb&#8211;et_global_heading_font||on||||||\u00a0\u00bb title_text_color=\u00a0\u00bb#000000&Prime; custom_margin=\u00a0\u00bb||-35px||false|false\u00a0\u00bb custom_margin_tablet=\u00a0\u00bb||-35px||false|false\u00a0\u00bb custom_margin_phone=\u00a0\u00bb||-35px||false|false\u00a0\u00bb custom_margin_last_edited=\u00a0\u00bbon|phone\u00a0\u00bb title_font_size_tablet=\u00a0\u00bb60px\u00a0\u00bb title_font_size_phone=\u00a0\u00bb40px\u00a0\u00bb global_colors_info=\u00a0\u00bb{}\u00a0\u00bb header_font_size_tablet=\u00a0\u00bb2.4rem\u00a0\u00bb header_font_size_phone=\u00a0\u00bb1.88rem\u00a0\u00bb header_font_size_last_edited=\u00a0\u00bbon|desktop\u00a0\u00bb theme_builder_area=\u00a0\u00bbpost_content\u00a0\u00bb][\/et_pb_heading][\/et_pb_column][\/et_pb_row][et_pb_row _builder_version=\u00a0\u00bb4.27.0&Prime; _module_preset=\u00a0\u00bbdefault\u00a0\u00bb theme_builder_area=\u00a0\u00bbpost_content\u00a0\u00bb][et_pb_column _builder_version=\u00a0\u00bb4.27.0&Prime; _module_preset=\u00a0\u00bbdefault\u00a0\u00bb type=\u00a0\u00bb4_4&Prime; theme_builder_area=\u00a0\u00bbpost_content\u00a0\u00bb][et_pb_text _builder_version=\u00a0\u00bb4.27.0&Prime; _module_preset=\u00a0\u00bbdefault\u00a0\u00bb theme_builder_area=\u00a0\u00bbpost_content\u00a0\u00bb header_2_font=\u00a0\u00bb||on||||||\u00a0\u00bb header_2_text_color=\u00a0\u00bb#000000&Prime; hover_enabled=\u00a0\u00bb0&Prime; sticky_enabled=\u00a0\u00bb0&Prime;]<\/p>\n<h2>Herausgeber der Seite<\/h2>\n<p>Diese Seite wird herausgegeben von<br \/>Doktor Paul Mielcarek<br \/><span>5 Rue de la Coop\u00e9rative, 67000 Strasbourg<\/span><\/p>\n<h2>Unterkunft<\/h2>\n<p>Die Website wird gehostet von :<br \/>Ionos<br \/>7 PLACE DE LA GARE, 57200 SARREGUEMINES<br \/>https:\/\/www.ionos.fr\/<\/p>\n<h2>Geistiges Eigentum<\/h2>\n<p>Die Inhalte (Texte, Bilder, Videos) der Website sind urheberrechtlich gesch\u00fctzt. Jede Vervielf\u00e4ltigung ist ohne Genehmigung untersagt.<\/p>\n<h2>Pers\u00f6nliche Daten<\/h2>\n<p>Die auf dieser Website gesammelten Daten (Kontaktformular, Terminvereinbarung) werden nur verwendet, um die Anfragen der Nutzer zu beantworten.<br \/>Sie k\u00f6nnen Ihre Rechte (Zugang, \u00c4nderung, L\u00f6schung) aus\u00fcben, indem Sie sich an uns wenden unter : [E-Mail-Adresse].<\/p>\n<p>[\/et_pb_text][\/et_pb_column][\/et_pb_row][\/et_pb_section]<\/p>","protected":false},"excerpt":{"rendered":"<p>\u00c9diteur du site Ce site est \u00e9dit\u00e9 parDocteur Paul Mielcarek5 Rue de la Coop\u00e9rative, 67000 Strasbourg H\u00e9bergement Le site est h\u00e9berg\u00e9 par :Ionos7 PLACE DE LA GARE, 57200 SARREGUEMINEShttps:\/\/www.ionos.fr\/ Propri\u00e9t\u00e9 intellectuelle Les contenus (textes, images, vid\u00e9os) du site sont prot\u00e9g\u00e9s par le droit d&rsquo;auteur. Toute reproduction est interdite sans autorisation. Donn\u00e9es personnelles Les donn\u00e9es collect\u00e9es [&hellip;]<\/p>","protected":false},"author":1,"featured_media":0,"parent":0,"menu_order":0,"comment_status":"closed","ping_status":"closed","template":"","meta":{"_et_pb_use_builder":"on","_et_pb_old_content":"","_et_gb_content_width":"","two_page_speed":[],"footnotes":""},"dipi_cpt_category":[],"class_list":["post-24845082","page","type-page","status-publish","hentry"],"_links":{"self":[{"href":"https:\/\/www.docteur-mielcarek.com\/de\/wp-json\/wp\/v2\/pages\/24845082","targetHints":{"allow":["GET"]}}],"collection":[{"href":"https:\/\/www.docteur-mielcarek.com\/de\/wp-json\/wp\/v2\/pages"}],"about":[{"href":"https:\/\/www.docteur-mielcarek.com\/de\/wp-json\/wp\/v2\/types\/page"}],"author":[{"embeddable":true,"href":"https:\/\/www.docteur-mielcarek.com\/de\/wp-json\/wp\/v2\/users\/1"}],"replies":[{"embeddable":true,"href":"https:\/\/www.docteur-mielcarek.com\/de\/wp-json\/wp\/v2\/comments?post=24845082"}],"version-history":[{"count":3,"href":"https:\/\/www.docteur-mielcarek.com\/de\/wp-json\/wp\/v2\/pages\/24845082\/revisions"}],"predecessor-version":[{"id":24845086,"href":"https:\/\/www.docteur-mielcarek.com\/de\/wp-json\/wp\/v2\/pages\/24845082\/revisions\/24845086"}],"wp:attachment":[{"href":"https:\/\/www.docteur-mielcarek.com\/de\/wp-json\/wp\/v2\/media?parent=24845082"}],"wp:term":[{"taxonomy":"dipi_cpt_category","embeddable":true,"href":"https:\/\/www.docteur-mielcarek.com\/de\/wp-json\/wp\/v2\/dipi_cpt_category?post=24845082"}],"curies":[{"name":"wp","href":"https:\/\/api.w.org\/{rel}","templated":true}]}}